{"id":492,"date":"2024-03-10T12:57:52","date_gmt":"2024-03-10T11:57:52","guid":{"rendered":"https:\/\/sebimart.pl\/?page_id=492"},"modified":"2024-05-16T18:17:51","modified_gmt":"2024-05-16T16:17:51","slug":"haki-holownicze","status":"publish","type":"page","link":"https:\/\/sebimart.pl\/index.php\/haki-holownicze\/","title":{"rendered":"Haki holownicze"},"content":{"rendered":"\t\t<div data-elementor-type=\"wp-page\" data-elementor-id=\"492\" class=\"elementor elementor-492\" data-elementor-post-type=\"page\">\n\t\t\t\t\t\t<section class=\"elementor-section elementor-top-section elementor-element elementor-element-5e5c1307 elementor-section-height-min-height elementor-section-items-stretch top_section elementor-section-boxed elementor-section-height-default\" data-id=\"5e5c1307\" data-element_type=\"section\" data-settings=\"{&quot;background_background&quot;:&quot;classic&quot;}\">\n\t\t\t\t\t\t<div class=\"elementor-container elementor-column-gap-default\">\n\t\t\t\t\t<div class=\"elementor-column elementor-col-50 elementor-top-column elementor-element elementor-element-5476f4b\" data-id=\"5476f4b\" data-element_type=\"column\">\n\t\t\t<div class=\"elementor-widget-wrap elementor-element-populated\">\n\t\t\t\t\t\t<div class=\"elementor-element elementor-element-7390d146 elementor-widget elementor-widget-heading\" data-id=\"7390d146\" data-element_type=\"widget\" data-widget_type=\"heading.default\">\n\t\t\t\t<div class=\"elementor-widget-container\">\n\t\t\t<style>\/*! elementor - v3.19.0 - 28-02-2024 *\/\n.elementor-heading-title{padding:0;margin:0;line-height:1}.elementor-widget-heading .elementor-heading-title[class*=elementor-size-]>a{color:inherit;font-size:inherit;line-height:inherit}.elementor-widget-heading .elementor-heading-title.elementor-size-small{font-size:15px}.elementor-widget-heading .elementor-heading-title.elementor-size-medium{font-size:19px}.elementor-widget-heading .elementor-heading-title.elementor-size-large{font-size:29px}.elementor-widget-heading .elementor-heading-title.elementor-size-xl{font-size:39px}.elementor-widget-heading .elementor-heading-title.elementor-size-xxl{font-size:59px}<\/style><h2 class=\"elementor-heading-title elementor-size-xl\">Haki Holownicze<\/h2>\t\t<\/div>\n\t\t\t\t<\/div>\n\t\t\t\t<div class=\"elementor-element elementor-element-9365507 elementor-invisible elementor-widget elementor-widget-text-editor\" data-id=\"9365507\" data-element_type=\"widget\" data-settings=\"{&quot;_animation&quot;:&quot;fadeInUp&quot;,&quot;_animation_delay&quot;:600}\" data-widget_type=\"text-editor.default\">\n\t\t\t\t<div class=\"elementor-widget-container\">\n\t\t\t<style>\/*! elementor - v3.19.0 - 28-02-2024 *\/\n.elementor-widget-text-editor.elementor-drop-cap-view-stacked .elementor-drop-cap{background-color:#69727d;color:#fff}.elementor-widget-text-editor.elementor-drop-cap-view-framed .elementor-drop-cap{color:#69727d;border:3px solid;background-color:transparent}.elementor-widget-text-editor:not(.elementor-drop-cap-view-default) .elementor-drop-cap{margin-top:8px}.elementor-widget-text-editor:not(.elementor-drop-cap-view-default) .elementor-drop-cap-letter{width:1em;height:1em}.elementor-widget-text-editor .elementor-drop-cap{float:left;text-align:center;line-height:1;font-size:50px}.elementor-widget-text-editor .elementor-drop-cap-letter{display:inline-block}<\/style>\t\t\t\t<h4>Dlaczego SEBI-MART?<\/h4><ul class=\"list list--check m-b-0\"><li>Zam\u00f3wienie, monta\u017c i za\u015bwiadczenie <b>w jednym miejscu<\/b><\/li><li>Zam\u00f3wisz hak holowniczy <b>wraz z monta\u017cem<\/b><\/li><li>Monta\u017cy\u015bci\u00a0<b>z twojej okolicy<\/b><\/li><li><b>Najlepsze marki:<\/b> Steinhof\u00a0 i Westfalia<\/li><li><strong>Oficjalny dystrybutor<\/strong> <strong>Steinhof<\/strong><\/li><\/ul>\t\t\t\t\t\t<\/div>\n\t\t\t\t<\/div>\n\t\t\t\t\t<\/div>\n\t\t<\/div>\n\t\t\t\t<div class=\"elementor-column elementor-col-50 elementor-top-column elementor-element elementor-element-50a8e929\" data-id=\"50a8e929\" data-element_type=\"column\">\n\t\t\t<div class=\"elementor-widget-wrap elementor-element-populated\">\n\t\t\t\t\t\t<div class=\"elementor-element elementor-element-64355ef4 elementor-widget elementor-widget-image\" data-id=\"64355ef4\" data-element_type=\"widget\" data-widget_type=\"image.default\">\n\t\t\t\t<div class=\"elementor-widget-container\">\n\t\t\t<style>\/*! elementor - v3.19.0 - 28-02-2024 *\/\n.elementor-widget-image{text-align:center}.elementor-widget-image a{display:inline-block}.elementor-widget-image a img[src$=\".svg\"]{width:48px}.elementor-widget-image img{vertical-align:middle;display:inline-block}<\/style>\t\t\t\t\t\t\t\t\t\t<img fetchpriority=\"high\" decoding=\"async\" width=\"512\" height=\"261\" src=\"https:\/\/sebimart.pl\/wp-content\/uploads\/2024\/05\/westwalia.jpg\" class=\"attachment-large size-large wp-image-1183\" alt=\"\" srcset=\"https:\/\/sebimart.pl\/wp-content\/uploads\/2024\/05\/westwalia.jpg 512w, https:\/\/sebimart.pl\/wp-content\/uploads\/2024\/05\/westwalia-300x153.jpg 300w\" sizes=\"(max-width: 512px) 100vw, 512px\" \/>\t\t\t\t\t\t\t\t\t\t\t\t\t<\/div>\n\t\t\t\t<\/div>\n\t\t\t\t\t<\/div>\n\t\t<\/div>\n\t\t\t\t\t<\/div>\n\t\t<\/section>\n\t\t\t\t<section class=\"elementor-section elementor-top-section elementor-element elementor-element-6e3893bb elementor-section-boxed elementor-section-height-default elementor-section-height-default\" data-id=\"6e3893bb\" data-element_type=\"section\">\n\t\t\t\t\t\t<div class=\"elementor-container elementor-column-gap-default\">\n\t\t\t\t\t<div class=\"elementor-column elementor-col-100 elementor-top-column elementor-element elementor-element-1c9a978e\" data-id=\"1c9a978e\" data-element_type=\"column\">\n\t\t\t<div class=\"elementor-widget-wrap elementor-element-populated\">\n\t\t\t\t\t\t<div class=\"elementor-element elementor-element-46a97c29 elementor-tabs-view-vertical elementor-widget elementor-widget-tabs\" data-id=\"46a97c29\" data-element_type=\"widget\" data-widget_type=\"tabs.default\">\n\t\t\t\t<div class=\"elementor-widget-container\">\n\t\t\t<style>\/*! elementor - v3.19.0 - 28-02-2024 *\/\n.elementor-widget-tabs.elementor-tabs-view-vertical .elementor-tabs-wrapper{width:25%;flex-shrink:0}.elementor-widget-tabs.elementor-tabs-view-vertical .elementor-tab-desktop-title.elementor-active{border-right-style:none}.elementor-widget-tabs.elementor-tabs-view-vertical .elementor-tab-desktop-title.elementor-active:after,.elementor-widget-tabs.elementor-tabs-view-vertical .elementor-tab-desktop-title.elementor-active:before{height:999em;width:0;right:0;border-right-style:solid}.elementor-widget-tabs.elementor-tabs-view-vertical .elementor-tab-desktop-title.elementor-active:before{top:0;transform:translateY(-100%)}.elementor-widget-tabs.elementor-tabs-view-vertical .elementor-tab-desktop-title.elementor-active:after{top:100%}.elementor-widget-tabs.elementor-tabs-view-horizontal .elementor-tab-desktop-title{display:table-cell}.elementor-widget-tabs.elementor-tabs-view-horizontal .elementor-tab-desktop-title.elementor-active{border-bottom-style:none}.elementor-widget-tabs.elementor-tabs-view-horizontal .elementor-tab-desktop-title.elementor-active:after,.elementor-widget-tabs.elementor-tabs-view-horizontal .elementor-tab-desktop-title.elementor-active:before{bottom:0;height:0;width:999em;border-bottom-style:solid}.elementor-widget-tabs.elementor-tabs-view-horizontal .elementor-tab-desktop-title.elementor-active:before{right:100%}.elementor-widget-tabs.elementor-tabs-view-horizontal .elementor-tab-desktop-title.elementor-active:after{left:100%}.elementor-widget-tabs .elementor-tab-content,.elementor-widget-tabs .elementor-tab-title,.elementor-widget-tabs .elementor-tab-title:after,.elementor-widget-tabs .elementor-tab-title:before,.elementor-widget-tabs .elementor-tabs-content-wrapper{border:1px #d5d8dc}.elementor-widget-tabs .elementor-tabs{text-align:left}.elementor-widget-tabs .elementor-tabs-wrapper{overflow:hidden}.elementor-widget-tabs .elementor-tab-title{cursor:pointer;outline:var(--focus-outline,none)}.elementor-widget-tabs .elementor-tab-desktop-title{position:relative;padding:20px 25px;font-weight:700;line-height:1;border:solid transparent}.elementor-widget-tabs .elementor-tab-desktop-title.elementor-active{border-color:#d5d8dc}.elementor-widget-tabs .elementor-tab-desktop-title.elementor-active:after,.elementor-widget-tabs .elementor-tab-desktop-title.elementor-active:before{display:block;content:\"\";position:absolute}.elementor-widget-tabs .elementor-tab-desktop-title:focus-visible{border:1px solid #000}.elementor-widget-tabs .elementor-tab-mobile-title{padding:10px;cursor:pointer}.elementor-widget-tabs .elementor-tab-content{padding:20px;display:none}@media (max-width:767px){.elementor-tabs .elementor-tab-content,.elementor-tabs .elementor-tab-title{border-style:solid solid none}.elementor-tabs .elementor-tabs-wrapper{display:none}.elementor-tabs .elementor-tabs-content-wrapper{border-bottom-style:solid}.elementor-tabs .elementor-tab-content{padding:10px}}@media (min-width:768px){.elementor-widget-tabs.elementor-tabs-view-vertical .elementor-tabs{display:flex}.elementor-widget-tabs.elementor-tabs-view-vertical .elementor-tabs-wrapper{flex-direction:column}.elementor-widget-tabs.elementor-tabs-view-vertical .elementor-tabs-content-wrapper{flex-grow:1;border-style:solid solid solid none}.elementor-widget-tabs.elementor-tabs-view-horizontal .elementor-tab-content{border-style:none solid solid}.elementor-widget-tabs.elementor-tabs-alignment-center .elementor-tabs-wrapper,.elementor-widget-tabs.elementor-tabs-alignment-end .elementor-tabs-wrapper,.elementor-widget-tabs.elementor-tabs-alignment-stretch .elementor-tabs-wrapper{display:flex}.elementor-widget-tabs.elementor-tabs-alignment-center .elementor-tabs-wrapper{justify-content:center}.elementor-widget-tabs.elementor-tabs-alignment-end .elementor-tabs-wrapper{justify-content:flex-end}.elementor-widget-tabs.elementor-tabs-alignment-stretch.elementor-tabs-view-horizontal .elementor-tab-title{width:100%}.elementor-widget-tabs.elementor-tabs-alignment-stretch.elementor-tabs-view-vertical .elementor-tab-title{height:100%}.elementor-tabs .elementor-tab-mobile-title{display:none}}<\/style>\t\t<div class=\"elementor-tabs\">\n\t\t\t<div class=\"elementor-tabs-wrapper\" role=\"tablist\" >\n\t\t\t\t\t\t\t\t\t<div id=\"elementor-tab-title-1181\" class=\"elementor-tab-title elementor-tab-desktop-title\" aria-selected=\"true\" data-tab=\"1\" role=\"tab\" tabindex=\"0\" aria-controls=\"elementor-tab-content-1181\" aria-expanded=\"false\">Dlaczego warto?<\/div>\n\t\t\t\t\t\t\t<\/div>\n\t\t\t<div class=\"elementor-tabs-content-wrapper\" role=\"tablist\" aria-orientation=\"vertical\">\n\t\t\t\t\t\t\t\t\t<div class=\"elementor-tab-title elementor-tab-mobile-title\" aria-selected=\"true\" data-tab=\"1\" role=\"tab\" tabindex=\"0\" aria-controls=\"elementor-tab-content-1181\" aria-expanded=\"false\">Dlaczego warto?<\/div>\n\t\t\t\t\t<div id=\"elementor-tab-content-1181\" class=\"elementor-tab-content elementor-clearfix\" data-tab=\"1\" role=\"tabpanel\" aria-labelledby=\"elementor-tab-title-1181\" tabindex=\"0\" hidden=\"false\"><h3><strong>Przydatno\u015b\u0107 w podr\u00f3\u017cach i wakacjach<\/strong>:<\/h3><p>Hak holowniczy znacznie zwi\u0119ksza elastyczno\u015b\u0107 podr\u00f3\u017cowania, umo\u017cliwiaj\u0105c przewo\u017cenie dodatkowego sprz\u0119tu, takiego jak przyczepki kempingowe, \u0142odzie, rowery czy w\u00f3zki dzieci\u0119ce. Dzi\u0119ki temu mo\u017cesz zabra\u0107 ze sob\u0105 wszystko, co potrzebne do udanych wakacji lub weekendowych wyjazd\u00f3w.<\/p><hr \/><h3><strong>Transport wi\u0119kszych przedmiot\u00f3w<\/strong>:<\/h3><p>Cz\u0119sto zdarza si\u0119, \u017ce musisz przetransportowa\u0107 wi\u0119ksze przedmioty, takie jak meble czy sprz\u0119t sportowy. Hak holowniczy u\u0142atwia przewo\u017cenie tych rzeczy, eliminuj\u0105c konieczno\u015b\u0107 wynajmu lub wypo\u017cyczania wi\u0119kszych pojazd\u00f3w dostawczych.<\/p><hr \/><h3><strong>Bezpiecze\u0144stwo i komfort<\/strong>:<\/h3><p>W niekt\u00f3rych sytuacjach, takich jak przewo\u017cenie rower\u00f3w lub w\u00f3zk\u00f3w dzieci\u0119cych na dachu samochodu, hak holowniczy mo\u017ce zapewni\u0107 wi\u0119ksze bezpiecze\u0144stwo i wygod\u0119. Monta\u017c takiego sprz\u0119tu z ty\u0142u pojazdu mo\u017ce u\u0142atwi\u0107 dost\u0119p do baga\u017cnika oraz poprawi\u0107 widoczno\u015b\u0107 z ty\u0142u.<\/p><hr \/><h3><strong>Potencjalny zysk przy sprzeda\u017cy<\/strong>:<\/h3><p>Dodatkowy hak holowniczy mo\u017ce zwi\u0119kszy\u0107 warto\u015b\u0107 twojego samochodu na rynku wt\u00f3rnym. Dla wielu potencjalnych nabywc\u00f3w obecno\u015b\u0107 haka holowniczego mo\u017ce by\u0107 istotnym czynnikiem decyduj\u0105cym o wyborze konkretnego pojazdu, zw\u0142aszcza dla tych, kt\u00f3rzy planuj\u0105 cz\u0119ste podr\u00f3\u017ce lub transport wi\u0119kszych \u0142adunk\u00f3w.<\/p><\/div>\n\t\t\t\t\t\t\t<\/div>\n\t\t<\/div>\n\t\t\t\t<\/div>\n\t\t\t\t<\/div>\n\t\t\t\t\t<\/div>\n\t\t<\/div>\n\t\t\t\t\t<\/div>\n\t\t<\/section>\n\t\t\t\t<section class=\"elementor-section elementor-top-section elementor-element elementor-element-653acfa7 elementor-section-full_width elementor-section-height-default elementor-section-height-default\" data-id=\"653acfa7\" data-element_type=\"section\" data-settings=\"{&quot;background_background&quot;:&quot;classic&quot;}\">\n\t\t\t\t\t\t\t<div class=\"elementor-background-overlay\"><\/div>\n\t\t\t\t\t\t\t<div class=\"elementor-container elementor-column-gap-default\">\n\t\t\t\t\t<div class=\"elementor-column elementor-col-100 elementor-top-column elementor-element elementor-element-690f202b\" data-id=\"690f202b\" data-element_type=\"column\">\n\t\t\t<div class=\"elementor-widget-wrap elementor-element-populated\">\n\t\t\t\t\t\t<div class=\"elementor-element elementor-element-fecc43d elementor-invisible elementor-widget elementor-widget-heading\" data-id=\"fecc43d\" data-element_type=\"widget\" data-settings=\"{&quot;_animation&quot;:&quot;fadeInLeft&quot;}\" data-widget_type=\"heading.default\">\n\t\t\t\t<div class=\"elementor-widget-container\">\n\t\t\t<h2 class=\"elementor-heading-title elementor-size-default\">Zapraszamy !<\/h2>\t\t<\/div>\n\t\t\t\t<\/div>\n\t\t\t\t<div class=\"elementor-element elementor-element-4e19b7a4 elementor-invisible elementor-widget elementor-widget-heading\" data-id=\"4e19b7a4\" data-element_type=\"widget\" data-settings=\"{&quot;_animation&quot;:&quot;fadeInUp&quot;,&quot;_animation_delay&quot;:400}\" data-widget_type=\"heading.default\">\n\t\t\t\t<div class=\"elementor-widget-container\">\n\t\t\t<h3 class=\"elementor-heading-title elementor-size-small\">Monta\u017c haka holowniczego w samochodzie osobowym mo\u017ce zapewni\u0107 wi\u0119ksz\u0105 swobod\u0119 podr\u00f3\u017cowania, bezpiecze\u0144stwo i komfort, a tak\u017ce zwi\u0119kszy\u0107 potencjaln\u0105 warto\u015b\u0107 pojazdu w przysz\u0142o\u015bci.<\/h3>\t\t<\/div>\n\t\t\t\t<\/div>\n\t\t\t\t\t<\/div>\n\t\t<\/div>\n\t\t\t\t\t<\/div>\n\t\t<\/section>\n\t\t\t\t<\/div>\n\t\t","protected":false},"excerpt":{"rendered":"<p>Haki Holownicze Dlaczego SEBI-MART? Zam\u00f3wienie, monta\u017c i za\u015bwiadczenie w jednym miejscu Zam\u00f3wisz hak holowniczy wraz z monta\u017cem Monta\u017cy\u015bci\u00a0z twojej okolicy Najlepsze marki: Steinhof\u00a0 i Westfalia Oficjalny dystrybutor Steinhof Dlaczego warto? Dlaczego warto? Przydatno\u015b\u0107 w podr\u00f3\u017cach i wakacjach: Hak holowniczy znacznie zwi\u0119ksza elastyczno\u015b\u0107 podr\u00f3\u017cowania, umo\u017cliwiaj\u0105c przewo\u017cenie dodatkowego sprz\u0119tu, takiego jak przyczepki kempingowe, \u0142odzie, rowery czy w\u00f3zki dzieci\u0119ce. Dzi\u0119ki temu mo\u017cesz zabra\u0107 ze sob\u0105 wszystko, co potrzebne do udanych wakacji lub weekendowych wyjazd\u00f3w. Transport wi\u0119kszych przedmiot\u00f3w: Cz\u0119sto zdarza si\u0119, \u017ce musisz przetransportowa\u0107&hellip;<\/p>\n","protected":false},"author":1,"featured_media":0,"parent":0,"menu_order":0,"comment_status":"closed","ping_status":"closed","template":"elementor_header_footer","meta":{"footnotes":""},"class_list":["post-492","page","type-page","status-publish","hentry"],"_links":{"self":[{"href":"https:\/\/sebimart.pl\/index.php\/wp-json\/wp\/v2\/pages\/492","targetHints":{"allow":["GET"]}}],"collection":[{"href":"https:\/\/sebimart.pl\/index.php\/wp-json\/wp\/v2\/pages"}],"about":[{"href":"https:\/\/sebimart.pl\/index.php\/wp-json\/wp\/v2\/types\/page"}],"author":[{"embeddable":true,"href":"https:\/\/sebimart.pl\/index.php\/wp-json\/wp\/v2\/users\/1"}],"replies":[{"embeddable":true,"href":"https:\/\/sebimart.pl\/index.php\/wp-json\/wp\/v2\/comments?post=492"}],"version-history":[{"count":7,"href":"https:\/\/sebimart.pl\/index.php\/wp-json\/wp\/v2\/pages\/492\/revisions"}],"predecessor-version":[{"id":1197,"href":"https:\/\/sebimart.pl\/index.php\/wp-json\/wp\/v2\/pages\/492\/revisions\/1197"}],"wp:attachment":[{"href":"https:\/\/sebimart.pl\/index.php\/wp-json\/wp\/v2\/media?parent=492"}],"curies":[{"name":"wp","href":"https:\/\/api.w.org\/{rel}","templated":true}]}}