{"id":501,"date":"2024-03-10T13:00:22","date_gmt":"2024-03-10T12:00:22","guid":{"rendered":"https:\/\/sebimart.pl\/?page_id=501"},"modified":"2024-03-13T11:58:04","modified_gmt":"2024-03-13T10:58:04","slug":"akumulatory","status":"publish","type":"page","link":"https:\/\/sebimart.pl\/index.php\/oferta\/akumulatory\/","title":{"rendered":"Akumulatory"},"content":{"rendered":"\t\t<div data-elementor-type=\"wp-page\" data-elementor-id=\"501\" class=\"elementor elementor-501\" data-elementor-post-type=\"page\">\n\t\t\t\t\t\t<section class=\"elementor-section elementor-top-section elementor-element elementor-element-23152d6b elementor-section-height-min-height elementor-section-boxed elementor-section-height-default elementor-section-items-middle\" data-id=\"23152d6b\" data-element_type=\"section\" data-settings=\"{&quot;background_background&quot;:&quot;classic&quot;,&quot;background_motion_fx_motion_fx_scrolling&quot;:&quot;yes&quot;,&quot;background_motion_fx_devices&quot;:[&quot;desktop&quot;,&quot;tablet&quot;,&quot;mobile&quot;]}\">\n\t\t\t\t\t\t\t<div class=\"elementor-background-overlay\"><\/div>\n\t\t\t\t\t\t\t<div class=\"elementor-container elementor-column-gap-default\">\n\t\t\t\t\t<div class=\"elementor-column elementor-col-100 elementor-top-column elementor-element elementor-element-3c33a37e\" data-id=\"3c33a37e\" data-element_type=\"column\">\n\t\t\t<div class=\"elementor-widget-wrap elementor-element-populated\">\n\t\t\t\t\t\t<div class=\"elementor-element elementor-element-932c44d elementor-widget elementor-widget-heading\" data-id=\"932c44d\" data-element_type=\"widget\" data-widget_type=\"heading.default\">\n\t\t\t\t<div class=\"elementor-widget-container\">\n\t\t\t<style>\/*! elementor - v3.19.0 - 28-02-2024 *\/\n.elementor-heading-title{padding:0;margin:0;line-height:1}.elementor-widget-heading .elementor-heading-title[class*=elementor-size-]>a{color:inherit;font-size:inherit;line-height:inherit}.elementor-widget-heading .elementor-heading-title.elementor-size-small{font-size:15px}.elementor-widget-heading .elementor-heading-title.elementor-size-medium{font-size:19px}.elementor-widget-heading .elementor-heading-title.elementor-size-large{font-size:29px}.elementor-widget-heading .elementor-heading-title.elementor-size-xl{font-size:39px}.elementor-widget-heading .elementor-heading-title.elementor-size-xxl{font-size:59px}<\/style><h2 class=\"elementor-heading-title elementor-size-xxl\">Profesjonalny dob\u00f3r akumulator\u00f3w<\/h2>\t\t<\/div>\n\t\t\t\t<\/div>\n\t\t\t\t<div class=\"elementor-element elementor-element-365f0872 elementor-invisible elementor-widget elementor-widget-heading\" data-id=\"365f0872\" data-element_type=\"widget\" data-settings=\"{&quot;_animation&quot;:&quot;fadeInUp&quot;,&quot;_animation_delay&quot;:400}\" data-widget_type=\"heading.default\">\n\t\t\t\t<div class=\"elementor-widget-container\">\n\t\t\t<h3 class=\"elementor-heading-title elementor-size-medium\">W naszym serwisie otrzymaj\u0105 Pa\u0144stwo p\u0119\u0142n\u0105 obs\u0142ug\u0119 w tym zakresie<\/h3>\t\t<\/div>\n\t\t\t\t<\/div>\n\t\t\t\t\t<\/div>\n\t\t<\/div>\n\t\t\t\t\t<\/div>\n\t\t<\/section>\n\t\t\t\t<section class=\"elementor-section elementor-top-section elementor-element elementor-element-3ad1db4b elementor-section-height-min-height elementor-section-items-stretch elementor-section-full_width elementor-section-height-default\" data-id=\"3ad1db4b\" data-element_type=\"section\" data-settings=\"{&quot;background_background&quot;:&quot;classic&quot;}\">\n\t\t\t\t\t\t<div class=\"elementor-container elementor-column-gap-no\">\n\t\t\t\t\t<div class=\"elementor-column elementor-col-50 elementor-top-column elementor-element elementor-element-4571ac86\" data-id=\"4571ac86\" data-element_type=\"column\" data-settings=\"{&quot;background_background&quot;:&quot;classic&quot;}\">\n\t\t\t<div class=\"elementor-widget-wrap elementor-element-populated\">\n\t\t\t\t\t\t<div class=\"elementor-element elementor-element-7cd27bbb elementor-invisible elementor-widget elementor-widget-heading\" data-id=\"7cd27bbb\" data-element_type=\"widget\" data-settings=\"{&quot;_animation&quot;:&quot;fadeInLeft&quot;}\" data-widget_type=\"heading.default\">\n\t\t\t\t<div class=\"elementor-widget-container\">\n\t\t\t<h2 class=\"elementor-heading-title elementor-size-xl\">Akumulatory sprawdzonych marek<\/h2>\t\t<\/div>\n\t\t\t\t<\/div>\n\t\t\t\t<div class=\"elementor-element elementor-element-21b0fdd0 elementor-invisible elementor-widget elementor-widget-text-editor\" data-id=\"21b0fdd0\" data-element_type=\"widget\" data-settings=\"{&quot;_animation&quot;:&quot;fadeInUp&quot;,&quot;_animation_delay&quot;:400}\" data-widget_type=\"text-editor.default\">\n\t\t\t\t<div class=\"elementor-widget-container\">\n\t\t\t<style>\/*! elementor - v3.19.0 - 28-02-2024 *\/\n.elementor-widget-text-editor.elementor-drop-cap-view-stacked .elementor-drop-cap{background-color:#69727d;color:#fff}.elementor-widget-text-editor.elementor-drop-cap-view-framed .elementor-drop-cap{color:#69727d;border:3px solid;background-color:transparent}.elementor-widget-text-editor:not(.elementor-drop-cap-view-default) .elementor-drop-cap{margin-top:8px}.elementor-widget-text-editor:not(.elementor-drop-cap-view-default) .elementor-drop-cap-letter{width:1em;height:1em}.elementor-widget-text-editor .elementor-drop-cap{float:left;text-align:center;line-height:1;font-size:50px}.elementor-widget-text-editor .elementor-drop-cap-letter{display:inline-block}<\/style>\t\t\t\t<p><strong>Oferujemy Pa\u0144stwu kompleksow\u0105 obs\u0142ug\u0119 w zakresie akumulator\u00f3w pojazdowych. W naszej ofercie znajdziesz szeroki wyb\u00f3r nowych akumulator\u00f3w o r\u00f3\u017cnej pojemno\u015bci, gotowych do natychmiastowej pracy. Bez wzgl\u0119du na rodzaj pojazdu &#8211; czy to samoch\u00f3d osobowy, ci\u0105gnik czy auto ci\u0119\u017carowe. Mo\u017cesz by\u0107 pewny, \u017ce znajdziesz u nas idealne rozwi\u0105zanie.<\/strong><\/p>\n<p><strong>Co nas wyr\u00f3\u017cnia? Opr\u00f3cz szerokiego asortymentu nasza za\u0142oga posiada niezb\u0119dne narz\u0119dzia oraz bogate do\u015bwiadczenie w diagnostyce akumulator\u00f3w. Dzi\u0119ki temu mo\u017cemy szybko i skutecznie zlokalizowa\u0107 ewentualne problemy oraz zaproponowa\u0107 optymalne rozwi\u0105zania.<\/strong><\/p>\n<p><strong>Wierzymy, \u017ce bezpiecze\u0144stwo i sprawno\u015b\u0107 Twojego pojazdu s\u0105 niezwykle wa\u017cne. Dlatego te\u017c zale\u017cy nam na tym, aby\u015b m\u00f3g\u0142 zaufa\u0107 naszej ekspertyzie i profesjonalnemu podej\u015bciu. Gwarantujemy nie tylko wysok\u0105 jako\u015b\u0107 produkt\u00f3w, ale tak\u017ce fachowe doradztwo i szybk\u0105, sprawn\u0105 obs\u0142ug\u0119.<\/strong><\/p>\n<p><b>Nie tra\u0107 czasu na poszukiwanie odpowiedniego akumulatora. Odwied\u017a nasz serwis ju\u017c dzi\u015b, a z pewno\u015bci\u0105 znajdziesz u nas rozwi\u0105zanie, kt\u00f3re spe\u0142ni Twoje oczekiwania i zagwarantuje Ci spokojn\u0105 jazd\u0119 na d\u0142ugie kilometry.<\/b><\/p>\t\t\t\t\t\t<\/div>\n\t\t\t\t<\/div>\n\t\t\t\t\t<\/div>\n\t\t<\/div>\n\t\t\t\t<div class=\"elementor-column elementor-col-50 elementor-top-column elementor-element elementor-element-1d428493\" data-id=\"1d428493\" data-element_type=\"column\" data-settings=\"{&quot;background_background&quot;:&quot;classic&quot;}\">\n\t\t\t<div class=\"elementor-widget-wrap elementor-element-populated\">\n\t\t\t\t\t\t<div class=\"elementor-element elementor-element-3bf8efa2 elementor-widget elementor-widget-spacer\" data-id=\"3bf8efa2\" data-element_type=\"widget\" data-widget_type=\"spacer.default\">\n\t\t\t\t<div class=\"elementor-widget-container\">\n\t\t\t<style>\/*! elementor - v3.19.0 - 28-02-2024 *\/\n.elementor-column .elementor-spacer-inner{height:var(--spacer-size)}.e-con{--container-widget-width:100%}.e-con-inner>.elementor-widget-spacer,.e-con>.elementor-widget-spacer{width:var(--container-widget-width,var(--spacer-size));--align-self:var(--container-widget-align-self,initial);--flex-shrink:0}.e-con-inner>.elementor-widget-spacer>.elementor-widget-container,.e-con>.elementor-widget-spacer>.elementor-widget-container{height:100%;width:100%}.e-con-inner>.elementor-widget-spacer>.elementor-widget-container>.elementor-spacer,.e-con>.elementor-widget-spacer>.elementor-widget-container>.elementor-spacer{height:100%}.e-con-inner>.elementor-widget-spacer>.elementor-widget-container>.elementor-spacer>.elementor-spacer-inner,.e-con>.elementor-widget-spacer>.elementor-widget-container>.elementor-spacer>.elementor-spacer-inner{height:var(--container-widget-height,var(--spacer-size))}.e-con-inner>.elementor-widget-spacer.elementor-widget-empty,.e-con>.elementor-widget-spacer.elementor-widget-empty{position:relative;min-height:22px;min-width:22px}.e-con-inner>.elementor-widget-spacer.elementor-widget-empty .elementor-widget-empty-icon,.e-con>.elementor-widget-spacer.elementor-widget-empty .elementor-widget-empty-icon{position:absolute;top:0;bottom:0;left:0;right:0;margin:auto;padding:0;width:22px;height:22px}<\/style>\t\t<div class=\"elementor-spacer\">\n\t\t\t<div class=\"elementor-spacer-inner\"><\/div>\n\t\t<\/div>\n\t\t\t\t<\/div>\n\t\t\t\t<\/div>\n\t\t\t\t\t<\/div>\n\t\t<\/div>\n\t\t\t\t\t<\/div>\n\t\t<\/section>\n\t\t\t\t<section class=\"elementor-section elementor-top-section elementor-element elementor-element-262ad07f elementor-section-boxed elementor-section-height-default elementor-section-height-default\" data-id=\"262ad07f\" data-element_type=\"section\" data-settings=\"{&quot;background_background&quot;:&quot;classic&quot;}\">\n\t\t\t\t\t\t<div class=\"elementor-container elementor-column-gap-wider\">\n\t\t\t\t\t<div class=\"elementor-column elementor-col-33 elementor-top-column elementor-element elementor-element-3ba0b580\" data-id=\"3ba0b580\" data-element_type=\"column\">\n\t\t\t<div class=\"elementor-widget-wrap elementor-element-populated\">\n\t\t\t\t\t\t<div class=\"elementor-element elementor-element-57c7c824 elementor-view-default elementor-position-top elementor-mobile-position-top elementor-invisible elementor-widget elementor-widget-icon-box\" data-id=\"57c7c824\" data-element_type=\"widget\" data-settings=\"{&quot;_animation&quot;:&quot;fadeIn&quot;,&quot;_animation_delay&quot;:1200}\" data-widget_type=\"icon-box.default\">\n\t\t\t\t<div class=\"elementor-widget-container\">\n\t\t\t<link rel=\"stylesheet\" href=\"https:\/\/sebimart.pl\/wp-content\/plugins\/elementor\/assets\/css\/widget-icon-box.min.css\">\t\t<div class=\"elementor-icon-box-wrapper\">\n\t\t\t\t\t\t<div class=\"elementor-icon-box-icon\">\n\t\t\t\t<span  class=\"elementor-icon elementor-animation-\">\n\t\t\t\t<svg aria-hidden=\"true\" class=\"e-font-icon-svg e-fas-car\" viewBox=\"0 0 512 512\" xmlns=\"http:\/\/www.w3.org\/2000\/svg\"><path d=\"M499.99 176h-59.87l-16.64-41.6C406.38 91.63 365.57 64 319.5 64h-127c-46.06 0-86.88 27.63-103.99 70.4L71.87 176H12.01C4.2 176-1.53 183.34.37 190.91l6 24C7.7 220.25 12.5 224 18.01 224h20.07C24.65 235.73 16 252.78 16 272v48c0 16.12 6.16 30.67 16 41.93V416c0 17.67 14.33 32 32 32h32c17.67 0 32-14.33 32-32v-32h256v32c0 17.67 14.33 32 32 32h32c17.67 0 32-14.33 32-32v-54.07c9.84-11.25 16-25.8 16-41.93v-48c0-19.22-8.65-36.27-22.07-48H494c5.51 0 10.31-3.75 11.64-9.09l6-24c1.89-7.57-3.84-14.91-11.65-14.91zm-352.06-17.83c7.29-18.22 24.94-30.17 44.57-30.17h127c19.63 0 37.28 11.95 44.57 30.17L384 208H128l19.93-49.83zM96 319.8c-19.2 0-32-12.76-32-31.9S76.8 256 96 256s48 28.71 48 47.85-28.8 15.95-48 15.95zm320 0c-19.2 0-48 3.19-48-15.95S396.8 256 416 256s32 12.76 32 31.9-12.8 31.9-32 31.9z\"><\/path><\/svg>\t\t\t\t<\/span>\n\t\t\t<\/div>\n\t\t\t\t\t\t<div class=\"elementor-icon-box-content\">\n\t\t\t\t<h3 class=\"elementor-icon-box-title\">\n\t\t\t\t\t<span  >\n\t\t\t\t\t\tDiagnostyka Akumulator\u00f3w\t\t\t\t\t<\/span>\n\t\t\t\t<\/h3>\n\t\t\t\t\t\t\t\t\t<p class=\"elementor-icon-box-description\">\n\t\t\t\t\t\tPoprawne zdiagnozowanie uszkodzenia akumulatora samochodowego wymaga przeprowadzenia testu obci\u0105\u017ceniowego przy u\u017cyciu tester\u00f3w akumulator\u00f3w oraz analizy zachowania pojazdu podczas rozruchu, co mo\u017ce dostarczy\u0107 wskaz\u00f3wek na temat potencjalnych problem\u00f3w z akumulatorem.\t\t\t\t\t<\/p>\n\t\t\t\t\t\t\t<\/div>\n\t\t<\/div>\n\t\t\t\t<\/div>\n\t\t\t\t<\/div>\n\t\t\t\t\t<\/div>\n\t\t<\/div>\n\t\t\t\t<div class=\"elementor-column elementor-col-33 elementor-top-column elementor-element elementor-element-231bc26\" data-id=\"231bc26\" data-element_type=\"column\">\n\t\t\t<div class=\"elementor-widget-wrap elementor-element-populated\">\n\t\t\t\t\t\t<div class=\"elementor-element elementor-element-14dce244 elementor-view-default elementor-position-top elementor-mobile-position-top elementor-invisible elementor-widget elementor-widget-icon-box\" data-id=\"14dce244\" data-element_type=\"widget\" data-settings=\"{&quot;_animation&quot;:&quot;fadeIn&quot;,&quot;_animation_delay&quot;:1200}\" data-widget_type=\"icon-box.default\">\n\t\t\t\t<div class=\"elementor-widget-container\">\n\t\t\t\t\t<div class=\"elementor-icon-box-wrapper\">\n\t\t\t\t\t\t<div class=\"elementor-icon-box-icon\">\n\t\t\t\t<span  class=\"elementor-icon elementor-animation-\">\n\t\t\t\t<svg aria-hidden=\"true\" class=\"e-font-icon-svg e-fas-battery-three-quarters\" viewBox=\"0 0 640 512\" xmlns=\"http:\/\/www.w3.org\/2000\/svg\"><path d=\"M544 160v64h32v64h-32v64H64V160h480m16-64H48c-26.51 0-48 21.49-48 48v224c0 26.51 21.49 48 48 48h512c26.51 0 48-21.49 48-48v-16h8c13.255 0 24-10.745 24-24V184c0-13.255-10.745-24-24-24h-8v-16c0-26.51-21.49-48-48-48zm-144 96H96v128h320V192z\"><\/path><\/svg>\t\t\t\t<\/span>\n\t\t\t<\/div>\n\t\t\t\t\t\t<div class=\"elementor-icon-box-content\">\n\t\t\t\t<h3 class=\"elementor-icon-box-title\">\n\t\t\t\t\t<span  >\n\t\t\t\t\t\tStan baterii\t\t\t\t\t<\/span>\n\t\t\t\t<\/h3>\n\t\t\t\t\t\t\t\t\t<p class=\"elementor-icon-box-description\">\n\t\t\t\t\t\tNasz warsztat oferuje profesjonalne przeprowadzenie testu stanu baterii w Twoim samochodzie, zapewniaj\u0105c kompleksow\u0105 diagnostyk\u0119 oraz dok\u0142adne wykrycie ewentualnych problem\u00f3w. Dzi\u0119ki naszej us\u0142udze mo\u017cesz mie\u0107 pewno\u015b\u0107, \u017ce stan baterii zostanie dok\u0142adnie sprawdzony, co pozwoli unikn\u0105\u0107 potencjalnych k\u0142opot\u00f3w z uruchomieniem pojazdu.\t\t\t\t\t<\/p>\n\t\t\t\t\t\t\t<\/div>\n\t\t<\/div>\n\t\t\t\t<\/div>\n\t\t\t\t<\/div>\n\t\t\t\t\t<\/div>\n\t\t<\/div>\n\t\t\t\t<div class=\"elementor-column elementor-col-33 elementor-top-column elementor-element elementor-element-dfb6f8\" data-id=\"dfb6f8\" data-element_type=\"column\">\n\t\t\t<div class=\"elementor-widget-wrap elementor-element-populated\">\n\t\t\t\t\t\t<div class=\"elementor-element elementor-element-682430eb elementor-view-default elementor-position-top elementor-mobile-position-top elementor-invisible elementor-widget elementor-widget-icon-box\" data-id=\"682430eb\" data-element_type=\"widget\" data-settings=\"{&quot;_animation&quot;:&quot;fadeIn&quot;,&quot;_animation_delay&quot;:1200}\" data-widget_type=\"icon-box.default\">\n\t\t\t\t<div class=\"elementor-widget-container\">\n\t\t\t\t\t<div class=\"elementor-icon-box-wrapper\">\n\t\t\t\t\t\t<div class=\"elementor-icon-box-icon\">\n\t\t\t\t<span  class=\"elementor-icon elementor-animation-\">\n\t\t\t\t<svg aria-hidden=\"true\" class=\"e-font-icon-svg e-fas-truck\" viewBox=\"0 0 640 512\" xmlns=\"http:\/\/www.w3.org\/2000\/svg\"><path d=\"M624 352h-16V243.9c0-12.7-5.1-24.9-14.1-33.9L494 110.1c-9-9-21.2-14.1-33.9-14.1H416V48c0-26.5-21.5-48-48-48H48C21.5 0 0 21.5 0 48v320c0 26.5 21.5 48 48 48h16c0 53 43 96 96 96s96-43 96-96h128c0 53 43 96 96 96s96-43 96-96h48c8.8 0 16-7.2 16-16v-32c0-8.8-7.2-16-16-16zM160 464c-26.5 0-48-21.5-48-48s21.5-48 48-48 48 21.5 48 48-21.5 48-48 48zm320 0c-26.5 0-48-21.5-48-48s21.5-48 48-48 48 21.5 48 48-21.5 48-48 48zm80-208H416V144h44.1l99.9 99.9V256z\"><\/path><\/svg>\t\t\t\t<\/span>\n\t\t\t<\/div>\n\t\t\t\t\t\t<div class=\"elementor-icon-box-content\">\n\t\t\t\t<h3 class=\"elementor-icon-box-title\">\n\t\t\t\t\t<span  >\n\t\t\t\t\t\tAkumulatory do wszystkich pojazd\u00f3w\t\t\t\t\t<\/span>\n\t\t\t\t<\/h3>\n\t\t\t\t\t\t\t\t\t<p class=\"elementor-icon-box-description\">\n\t\t\t\t\t\tNasz warsztat oferuje kompleksowy wyb\u00f3r akumulator\u00f3w dostosowanych do r\u00f3\u017cnych typ\u00f3w pojazd\u00f3w, w\u0142\u0105czaj\u0105c w to ci\u0119\u017car\u00f3wki, samochody osobowe, autobusy oraz ci\u0105gniki rolnicze. Bez wzgl\u0119du na rodzaj pojazdu, zapewniamy wysokiej jako\u015bci baterie, kt\u00f3re spe\u0142ni\u0105 oczekiwania i zapewni\u0105 niezawodne dzia\u0142anie.\t\t\t\t\t<\/p>\n\t\t\t\t\t\t\t<\/div>\n\t\t<\/div>\n\t\t\t\t<\/div>\n\t\t\t\t<\/div>\n\t\t\t\t\t<\/div>\n\t\t<\/div>\n\t\t\t\t\t<\/div>\n\t\t<\/section>\n\t\t\t\t<\/div>\n\t\t","protected":false},"excerpt":{"rendered":"<p>Profesjonalny dob\u00f3r akumulator\u00f3w W naszym serwisie otrzymaj\u0105 Pa\u0144stwo p\u0119\u0142n\u0105 obs\u0142ug\u0119 w tym zakresie Akumulatory sprawdzonych marek Oferujemy Pa\u0144stwu kompleksow\u0105 obs\u0142ug\u0119 w zakresie akumulator\u00f3w pojazdowych. W naszej ofercie znajdziesz szeroki wyb\u00f3r nowych akumulator\u00f3w o r\u00f3\u017cnej pojemno\u015bci, gotowych do natychmiastowej pracy. Bez wzgl\u0119du na rodzaj pojazdu &#8211; czy to samoch\u00f3d osobowy, ci\u0105gnik czy auto ci\u0119\u017carowe. Mo\u017cesz by\u0107 pewny, \u017ce znajdziesz u nas idealne rozwi\u0105zanie. Co nas wyr\u00f3\u017cnia? Opr\u00f3cz szerokiego asortymentu nasza za\u0142oga posiada niezb\u0119dne narz\u0119dzia oraz bogate do\u015bwiadczenie w diagnostyce akumulator\u00f3w. Dzi\u0119ki&hellip;<\/p>\n","protected":false},"author":1,"featured_media":0,"parent":494,"menu_order":0,"comment_status":"closed","ping_status":"closed","template":"elementor_header_footer","meta":{"footnotes":""},"class_list":["post-501","page","type-page","status-publish","hentry"],"_links":{"self":[{"href":"https:\/\/sebimart.pl\/index.php\/wp-json\/wp\/v2\/pages\/501","targetHints":{"allow":["GET"]}}],"collection":[{"href":"https:\/\/sebimart.pl\/index.php\/wp-json\/wp\/v2\/pages"}],"about":[{"href":"https:\/\/sebimart.pl\/index.php\/wp-json\/wp\/v2\/types\/page"}],"author":[{"embeddable":true,"href":"https:\/\/sebimart.pl\/index.php\/wp-json\/wp\/v2\/users\/1"}],"replies":[{"embeddable":true,"href":"https:\/\/sebimart.pl\/index.php\/wp-json\/wp\/v2\/comments?post=501"}],"version-history":[{"count":31,"href":"https:\/\/sebimart.pl\/index.php\/wp-json\/wp\/v2\/pages\/501\/revisions"}],"predecessor-version":[{"id":885,"href":"https:\/\/sebimart.pl\/index.php\/wp-json\/wp\/v2\/pages\/501\/revisions\/885"}],"up":[{"embeddable":true,"href":"https:\/\/sebimart.pl\/index.php\/wp-json\/wp\/v2\/pages\/494"}],"wp:attachment":[{"href":"https:\/\/sebimart.pl\/index.php\/wp-json\/wp\/v2\/media?parent=501"}],"curies":[{"name":"wp","href":"https:\/\/api.w.org\/{rel}","templated":true}]}}