{"id":512,"date":"2024-03-10T13:04:03","date_gmt":"2024-03-10T12:04:03","guid":{"rendered":"https:\/\/sebimart.pl\/?page_id=512"},"modified":"2024-05-16T20:53:02","modified_gmt":"2024-05-16T18:53:02","slug":"wulkanizacja","status":"publish","type":"page","link":"https:\/\/sebimart.pl\/index.php\/wulkanizacja\/","title":{"rendered":"Wulkanizacja"},"content":{"rendered":"\t\t<div data-elementor-type=\"wp-page\" data-elementor-id=\"512\" class=\"elementor elementor-512\" data-elementor-post-type=\"page\">\n\t\t\t\t<section class=\"elementor-element elementor-element-16e2ae3 e-flex e-con-boxed e-con e-parent\" data-id=\"16e2ae3\" data-element_type=\"container\" data-settings=\"{&quot;background_background&quot;:&quot;classic&quot;,&quot;shape_divider_bottom&quot;:&quot;triangle&quot;,&quot;shape_divider_bottom_negative&quot;:&quot;yes&quot;,&quot;content_width&quot;:&quot;boxed&quot;}\" data-core-v316-plus=\"true\">\n\t\t\t\t\t<div class=\"e-con-inner\">\n\t\t\t\t<div class=\"elementor-shape elementor-shape-bottom\" data-negative=\"true\">\n\t\t\t<svg xmlns=\"http:\/\/www.w3.org\/2000\/svg\" viewBox=\"0 0 1000 100\" preserveAspectRatio=\"none\">\n\t<path class=\"elementor-shape-fill\" d=\"M500.2,94.7L0,0v100h1000V0L500.2,94.7z\"\/>\n<\/svg>\t\t<\/div>\n\t\t<div class=\"elementor-element elementor-element-bb786e1 e-con-full e-flex e-con e-child\" data-id=\"bb786e1\" data-element_type=\"container\" data-settings=\"{&quot;content_width&quot;:&quot;full&quot;}\">\n\t\t\t\t<div class=\"elementor-element elementor-element-40c2edd elementor-invisible elementor-widget elementor-widget-heading\" data-id=\"40c2edd\" data-element_type=\"widget\" data-settings=\"{&quot;_animation&quot;:&quot;fadeInUp&quot;}\" data-widget_type=\"heading.default\">\n\t\t\t\t<div class=\"elementor-widget-container\">\n\t\t\t<style>\/*! elementor - v3.19.0 - 28-02-2024 *\/\n.elementor-heading-title{padding:0;margin:0;line-height:1}.elementor-widget-heading .elementor-heading-title[class*=elementor-size-]>a{color:inherit;font-size:inherit;line-height:inherit}.elementor-widget-heading .elementor-heading-title.elementor-size-small{font-size:15px}.elementor-widget-heading .elementor-heading-title.elementor-size-medium{font-size:19px}.elementor-widget-heading .elementor-heading-title.elementor-size-large{font-size:29px}.elementor-widget-heading .elementor-heading-title.elementor-size-xl{font-size:39px}.elementor-widget-heading .elementor-heading-title.elementor-size-xxl{font-size:59px}<\/style><h1 class=\"elementor-heading-title elementor-size-xl\"><strong>Wulkanizacja Sebi-Mart <\/strong><\/h1>\t\t<\/div>\n\t\t\t\t<\/div>\n\t\t\t\t<div class=\"elementor-element elementor-element-521e915 elementor-invisible elementor-widget elementor-widget-heading\" data-id=\"521e915\" data-element_type=\"widget\" data-settings=\"{&quot;_animation&quot;:&quot;fadeInUp&quot;,&quot;_animation_delay&quot;:400}\" data-widget_type=\"heading.default\">\n\t\t\t\t<div class=\"elementor-widget-container\">\n\t\t\t<h2 class=\"elementor-heading-title elementor-size-default\">Wulkanizacja opon jest jedn\u0105 z g\u0142\u00f3wnych specjalizacji naszego zak\u0142adu. Dzia\u0142amy na rynku ju\u017c od wielu lat i sukcesywnie powi\u0119kszamy wachlarz oferowanych us\u0142ug. Wykonujemy nietypowe zlecenia i prace specjalistyczne, a dzi\u0119ki bogatemu do\u015bwiadczeniu w bran\u017cy motoryzacyjnej, zyskali\u015bmy uznanie sta\u0142ych klient\u00f3w oraz os\u00f3b przyjezdnych. Nasz warsztat zapewnia kompleksowe us\u0142ugi w zakresie ogumienia. \nSzukaj\u0105 Pa\u0144stwo profesjonalnego zak\u0142adu wulkanizacyjnego, kt\u00f3ry nie zawiedzie klient\u00f3w w nawet najbardziej awaryjnych sytuacjach? Serdecznie zapraszamy do skorzystania z naszych us\u0142ug w Kadzidle. <\/h2>\t\t<\/div>\n\t\t\t\t<\/div>\n\t\t\t\t<div class=\"elementor-element elementor-element-b5f14f4 elementor-invisible elementor-widget elementor-widget-image\" data-id=\"b5f14f4\" data-element_type=\"widget\" data-settings=\"{&quot;_animation&quot;:&quot;pulse&quot;}\" data-widget_type=\"image.default\">\n\t\t\t\t<div class=\"elementor-widget-container\">\n\t\t\t<style>\/*! elementor - v3.19.0 - 28-02-2024 *\/\n.elementor-widget-image{text-align:center}.elementor-widget-image a{display:inline-block}.elementor-widget-image a img[src$=\".svg\"]{width:48px}.elementor-widget-image img{vertical-align:middle;display:inline-block}<\/style>\t\t\t\t\t\t\t\t\t\t\t<a href=\"#about\">\n\t\t\t\t\t\t\t<img decoding=\"async\" src=\"https:\/\/sebimart.pl\/wp-content\/uploads\/2024\/03\/arrow.png\" title=\"\" alt=\"\" loading=\"lazy\" \/>\t\t\t\t\t\t\t\t<\/a>\n\t\t\t\t\t\t\t\t\t\t\t\t\t<\/div>\n\t\t\t\t<\/div>\n\t\t\t\t<\/div>\n\t\t\t\t\t<\/div>\n\t\t\t\t<\/section>\n\t\t<section class=\"elementor-element elementor-element-f5f8a02 e-flex e-con-boxed e-con e-parent\" data-id=\"f5f8a02\" data-element_type=\"container\" data-settings=\"{&quot;background_background&quot;:&quot;classic&quot;,&quot;content_width&quot;:&quot;boxed&quot;}\" data-core-v316-plus=\"true\">\n\t\t\t\t\t<div class=\"e-con-inner\">\n\t\t<div class=\"elementor-element elementor-element-3944b8f e-con-full e-flex e-con e-child\" data-id=\"3944b8f\" data-element_type=\"container\" data-settings=\"{&quot;content_width&quot;:&quot;full&quot;}\">\n\t\t\t\t<div class=\"elementor-element elementor-element-fadb326 animated-fast elementor-invisible elementor-widget elementor-widget-image\" data-id=\"fadb326\" data-element_type=\"widget\" data-settings=\"{&quot;_animation&quot;:&quot;bounceIn&quot;,&quot;_animation_delay&quot;:300}\" data-widget_type=\"image.default\">\n\t\t\t\t<div class=\"elementor-widget-container\">\n\t\t\t\t\t\t\t\t\t\t\t\t\t<img fetchpriority=\"high\" decoding=\"async\" width=\"640\" height=\"426\" src=\"https:\/\/sebimart.pl\/wp-content\/uploads\/2024\/05\/dsc-5793-1644523047-768x511.jpg\" class=\"attachment-medium_large size-medium_large wp-image-1249\" alt=\"\" srcset=\"https:\/\/sebimart.pl\/wp-content\/uploads\/2024\/05\/dsc-5793-1644523047-768x511.jpg 768w, https:\/\/sebimart.pl\/wp-content\/uploads\/2024\/05\/dsc-5793-1644523047-300x200.jpg 300w, https:\/\/sebimart.pl\/wp-content\/uploads\/2024\/05\/dsc-5793-1644523047-1536x1022.jpg 1536w, https:\/\/sebimart.pl\/wp-content\/uploads\/2024\/05\/dsc-5793-1644523047-2048x1363.jpg 2048w\" sizes=\"(max-width: 640px) 100vw, 640px\" \/>\t\t\t\t\t\t\t\t\t\t\t\t\t<\/div>\n\t\t\t\t<\/div>\n\t\t\t\t<\/div>\n\t\t<div class=\"elementor-element elementor-element-1588ada e-con-full e-flex e-con e-child\" data-id=\"1588ada\" data-element_type=\"container\" data-settings=\"{&quot;content_width&quot;:&quot;full&quot;}\">\n\t\t\t\t<div class=\"elementor-element elementor-element-99fdece elementor-invisible elementor-widget elementor-widget-heading\" data-id=\"99fdece\" data-element_type=\"widget\" data-settings=\"{&quot;_animation&quot;:&quot;fadeInLeft&quot;}\" data-widget_type=\"heading.default\">\n\t\t\t\t<div class=\"elementor-widget-container\">\n\t\t\t<h2 class=\"elementor-heading-title elementor-size-xl\">Opony s\u0105 najwa\u017cniejsze<\/h2>\t\t<\/div>\n\t\t\t\t<\/div>\n\t\t\t\t<div class=\"elementor-element elementor-element-7ca42fe elementor-invisible elementor-widget elementor-widget-text-editor\" data-id=\"7ca42fe\" data-element_type=\"widget\" data-settings=\"{&quot;_animation&quot;:&quot;fadeInUp&quot;,&quot;_animation_delay&quot;:400}\" data-widget_type=\"text-editor.default\">\n\t\t\t\t<div class=\"elementor-widget-container\">\n\t\t\t<style>\/*! elementor - v3.19.0 - 28-02-2024 *\/\n.elementor-widget-text-editor.elementor-drop-cap-view-stacked .elementor-drop-cap{background-color:#69727d;color:#fff}.elementor-widget-text-editor.elementor-drop-cap-view-framed .elementor-drop-cap{color:#69727d;border:3px solid;background-color:transparent}.elementor-widget-text-editor:not(.elementor-drop-cap-view-default) .elementor-drop-cap{margin-top:8px}.elementor-widget-text-editor:not(.elementor-drop-cap-view-default) .elementor-drop-cap-letter{width:1em;height:1em}.elementor-widget-text-editor .elementor-drop-cap{float:left;text-align:center;line-height:1;font-size:50px}.elementor-widget-text-editor .elementor-drop-cap-letter{display:inline-block}<\/style>\t\t\t\t<p><strong>Ogumienie jest \u2013 ca\u0142kiem dos\u0142ownie \u2013 podstaw\u0105 ka\u017cdego samochodu. To od niego zale\u017cy komfort jazdy i bezpiecze\u0144stwo na trasie. Opony musz\u0105 wi\u0119c by\u0107 w jak najlepszym stanie niezale\u017cnie od sezonu. Dba\u0142o\u015b\u0107 o ich form\u0119 nale\u017cy do obowi\u0105zk\u00f3w ka\u017cdego odpowiedzialnego kierowcy. Je\u015bli nie posiada si\u0119 w\u0142a\u015bciwej wiedzy o ogumieniu, warto skorzysta\u0107 z pomocy profesjonalist\u00f3w, kt\u00f3rzy nie tylko wymieni\u0105 ko\u0142a, ale r\u00f3wnie\u017c doradz\u0105 wyb\u00f3r felg odpowiednich dla danego samochodu.<\/strong><\/p>\t\t\t\t\t\t<\/div>\n\t\t\t\t<\/div>\n\t\t\t\t<\/div>\n\t\t\t\t\t<\/div>\n\t\t\t\t<\/section>\n\t\t<section class=\"elementor-element elementor-element-3bb6f7b e-flex e-con-boxed e-con e-parent\" data-id=\"3bb6f7b\" data-element_type=\"container\" data-settings=\"{&quot;background_background&quot;:&quot;classic&quot;,&quot;content_width&quot;:&quot;boxed&quot;}\" data-core-v316-plus=\"true\">\n\t\t\t\t\t<div class=\"e-con-inner\">\n\t\t<div class=\"elementor-element elementor-element-f3d67d6 e-con-full e-flex e-con e-child\" data-id=\"f3d67d6\" data-element_type=\"container\" data-settings=\"{&quot;content_width&quot;:&quot;full&quot;}\">\n\t\t\t\t<div class=\"elementor-element elementor-element-3066d7f elementor-invisible elementor-widget elementor-widget-heading\" data-id=\"3066d7f\" data-element_type=\"widget\" data-settings=\"{&quot;_animation&quot;:&quot;fadeInLeft&quot;}\" data-widget_type=\"heading.default\">\n\t\t\t\t<div class=\"elementor-widget-container\">\n\t\t\t<h2 class=\"elementor-heading-title elementor-size-xl\">Widza, do\u015bwiadczenie, narz\u0119dzia<\/h2>\t\t<\/div>\n\t\t\t\t<\/div>\n\t\t\t\t<div class=\"elementor-element elementor-element-683f7d5 elementor-invisible elementor-widget elementor-widget-text-editor\" data-id=\"683f7d5\" data-element_type=\"widget\" data-settings=\"{&quot;_animation&quot;:&quot;fadeInUp&quot;,&quot;_animation_delay&quot;:400}\" data-widget_type=\"text-editor.default\">\n\t\t\t\t<div class=\"elementor-widget-container\">\n\t\t\t\t\t\t\t<p><strong>Specjali\u015bci firmy Sebi-Mart posiadaj\u0105 odpowiedni\u0105 wiedz\u0119, umiej\u0119tno\u015bci i sprz\u0119t, dzi\u0119ki kt\u00f3rym mog\u0105 zmierzy\u0107 stan ogumienia podczas serwisu opon. Zazwyczaj zwraca si\u0119 uwag\u0119 na:<\/strong><br \/><strong>poziom zu\u017cycia bie\u017cnika, <\/strong><br \/><strong>zm\u0119czenie materia\u0142u (np. p\u0119kni\u0119cia gumy) <\/strong><br \/><strong>dat\u0119 produkcji opony, inne niewidoczne uszkodzenia.<\/strong><\/p><p><strong>Aby zyska\u0107 pewno\u015b\u0107 w kwestii przydatno\u015bci opon, warto skorzysta\u0107 z us\u0142ug do\u015bwiadczonej wulkanizacji. Gwarantujemy wysok\u0105 jako\u015b\u0107 obs\u0142ugi i terminow\u0105 realizacj\u0119 zlecenia. Opr\u00f3cz wymiany k\u00f3\u0142 i sprzeda\u017cy opon mo\u017cemy r\u00f3wnie\u017c zaj\u0105\u0107 si\u0119 ich napraw\u0105, je\u015bli tylko b\u0119dzie mo\u017cliwa. W wi\u0119kszo\u015bci przypadk\u00f3w konserwacja ogumienia jest znacznie ta\u0144sza ni\u017c zakup kolejnych opon \u2013 nawet u\u017cywanych. Je\u015bli jest inaczej, pomo\u017cemy w wyborze nowych k\u00f3\u0142, dostosowanych do danego samochodu<\/strong><\/p>\t\t\t\t\t\t<\/div>\n\t\t\t\t<\/div>\n\t\t\t\t<\/div>\n\t\t<div class=\"elementor-element elementor-element-6729027 e-con-full e-flex e-con e-child\" data-id=\"6729027\" data-element_type=\"container\" data-settings=\"{&quot;content_width&quot;:&quot;full&quot;}\">\n\t\t\t\t<div class=\"elementor-element elementor-element-6e9f04c animated-fast elementor-invisible elementor-widget elementor-widget-image\" data-id=\"6e9f04c\" data-element_type=\"widget\" data-settings=\"{&quot;_animation&quot;:&quot;bounceIn&quot;,&quot;_animation_delay&quot;:300}\" data-widget_type=\"image.default\">\n\t\t\t\t<div class=\"elementor-widget-container\">\n\t\t\t\t\t\t\t\t\t\t\t\t\t<img decoding=\"async\" width=\"640\" height=\"480\" src=\"https:\/\/sebimart.pl\/wp-content\/uploads\/2024\/05\/firestone-tires-768x576.jpg\" class=\"attachment-medium_large size-medium_large wp-image-1251\" alt=\"\" srcset=\"https:\/\/sebimart.pl\/wp-content\/uploads\/2024\/05\/firestone-tires-768x576.jpg 768w, https:\/\/sebimart.pl\/wp-content\/uploads\/2024\/05\/firestone-tires-300x225.jpg 300w, https:\/\/sebimart.pl\/wp-content\/uploads\/2024\/05\/firestone-tires.jpg 1200w\" sizes=\"(max-width: 640px) 100vw, 640px\" \/>\t\t\t\t\t\t\t\t\t\t\t\t\t<\/div>\n\t\t\t\t<\/div>\n\t\t\t\t<\/div>\n\t\t\t\t\t<\/div>\n\t\t\t\t<\/section>\n\t\t\t\t<\/div>\n\t\t","protected":false},"excerpt":{"rendered":"<p>Wulkanizacja Sebi-Mart Wulkanizacja opon jest jedn\u0105 z g\u0142\u00f3wnych specjalizacji naszego zak\u0142adu. Dzia\u0142amy na rynku ju\u017c od wielu lat i sukcesywnie powi\u0119kszamy wachlarz oferowanych us\u0142ug. Wykonujemy nietypowe zlecenia i prace specjalistyczne, a dzi\u0119ki bogatemu do\u015bwiadczeniu w bran\u017cy motoryzacyjnej, zyskali\u015bmy uznanie sta\u0142ych klient\u00f3w oraz os\u00f3b przyjezdnych. Nasz warsztat zapewnia kompleksowe us\u0142ugi w zakresie ogumienia. Szukaj\u0105 Pa\u0144stwo profesjonalnego zak\u0142adu wulkanizacyjnego, kt\u00f3ry nie zawiedzie klient\u00f3w w nawet najbardziej awaryjnych sytuacjach? Serdecznie zapraszamy do skorzystania z naszych us\u0142ug w Kadzidle. Opony s\u0105 najwa\u017cniejsze Ogumienie jest&hellip;<\/p>\n","protected":false},"author":1,"featured_media":0,"parent":0,"menu_order":0,"comment_status":"closed","ping_status":"closed","template":"elementor_header_footer","meta":{"footnotes":""},"class_list":["post-512","page","type-page","status-publish","hentry"],"_links":{"self":[{"href":"https:\/\/sebimart.pl\/index.php\/wp-json\/wp\/v2\/pages\/512","targetHints":{"allow":["GET"]}}],"collection":[{"href":"https:\/\/sebimart.pl\/index.php\/wp-json\/wp\/v2\/pages"}],"about":[{"href":"https:\/\/sebimart.pl\/index.php\/wp-json\/wp\/v2\/types\/page"}],"author":[{"embeddable":true,"href":"https:\/\/sebimart.pl\/index.php\/wp-json\/wp\/v2\/users\/1"}],"replies":[{"embeddable":true,"href":"https:\/\/sebimart.pl\/index.php\/wp-json\/wp\/v2\/comments?post=512"}],"version-history":[{"count":13,"href":"https:\/\/sebimart.pl\/index.php\/wp-json\/wp\/v2\/pages\/512\/revisions"}],"predecessor-version":[{"id":1254,"href":"https:\/\/sebimart.pl\/index.php\/wp-json\/wp\/v2\/pages\/512\/revisions\/1254"}],"wp:attachment":[{"href":"https:\/\/sebimart.pl\/index.php\/wp-json\/wp\/v2\/media?parent=512"}],"curies":[{"name":"wp","href":"https:\/\/api.w.org\/{rel}","templated":true}]}}