{"id":525,"date":"2024-03-10T13:36:23","date_gmt":"2024-03-10T12:36:23","guid":{"rendered":"https:\/\/sebimart.pl\/?page_id=525"},"modified":"2024-03-24T19:49:08","modified_gmt":"2024-03-24T18:49:08","slug":"opony-rolnicze","status":"publish","type":"page","link":"https:\/\/sebimart.pl\/index.php\/opony-rolnicze\/","title":{"rendered":"Opony do ci\u0105gnik\u00f3w"},"content":{"rendered":"\t\t<div data-elementor-type=\"wp-page\" data-elementor-id=\"525\" class=\"elementor elementor-525\" data-elementor-post-type=\"page\">\n\t\t\t\t<section class=\"elementor-element elementor-element-e5d488e e-con-full e-flex e-con e-parent\" data-id=\"e5d488e\" data-element_type=\"container\" data-settings=\"{&quot;background_background&quot;:&quot;classic&quot;,&quot;content_width&quot;:&quot;full&quot;}\" data-core-v316-plus=\"true\">\n\t\t<div class=\"elementor-element elementor-element-7d260ca e-con-full e-flex e-con e-child\" data-id=\"7d260ca\" data-element_type=\"container\" data-settings=\"{&quot;content_width&quot;:&quot;full&quot;}\">\n\t\t\t\t<div class=\"elementor-element elementor-element-2283257 elementor-widget elementor-widget-heading\" data-id=\"2283257\" data-element_type=\"widget\" data-widget_type=\"heading.default\">\n\t\t\t\t<div class=\"elementor-widget-container\">\n\t\t\t<style>\/*! elementor - v3.19.0 - 28-02-2024 *\/\n.elementor-heading-title{padding:0;margin:0;line-height:1}.elementor-widget-heading .elementor-heading-title[class*=elementor-size-]>a{color:inherit;font-size:inherit;line-height:inherit}.elementor-widget-heading .elementor-heading-title.elementor-size-small{font-size:15px}.elementor-widget-heading .elementor-heading-title.elementor-size-medium{font-size:19px}.elementor-widget-heading .elementor-heading-title.elementor-size-large{font-size:29px}.elementor-widget-heading .elementor-heading-title.elementor-size-xl{font-size:39px}.elementor-widget-heading .elementor-heading-title.elementor-size-xxl{font-size:59px}<\/style><h2 class=\"elementor-heading-title elementor-size-xxl\">Opony do ci\u0105gnik\u00f3w i maszyn rolniczych<\/h2>\t\t<\/div>\n\t\t\t\t<\/div>\n\t\t\t\t<div class=\"elementor-element elementor-element-4ea33e2 elementor-invisible elementor-widget elementor-widget-heading\" data-id=\"4ea33e2\" data-element_type=\"widget\" data-settings=\"{&quot;_animation&quot;:&quot;fadeInUp&quot;,&quot;_animation_delay&quot;:400}\" data-widget_type=\"heading.default\">\n\t\t\t\t<div class=\"elementor-widget-container\">\n\t\t\t<h3 class=\"elementor-heading-title elementor-size-medium\">U nas dostaniesz opon\u0119 do ka\u017cdego typu pojazdu rolniczego !<\/h3>\t\t<\/div>\n\t\t\t\t<\/div>\n\t\t\t\t<div class=\"elementor-element elementor-element-3730cab elementor-align-center elementor-widget elementor-widget-button\" data-id=\"3730cab\" data-element_type=\"widget\" data-widget_type=\"button.default\">\n\t\t\t\t<div class=\"elementor-widget-container\">\n\t\t\t\t\t<div class=\"elementor-button-wrapper\">\n\t\t\t<a class=\"elementor-button elementor-button-link elementor-size-sm elementor-animation-grow\" href=\"tel:297444504\">\n\t\t\t\t\t\t<span class=\"elementor-button-content-wrapper\">\n\t\t\t\t\t\t<span class=\"elementor-button-icon elementor-align-icon-left\">\n\t\t\t\t<svg aria-hidden=\"true\" class=\"e-font-icon-svg e-fas-question-circle\" viewBox=\"0 0 512 512\" xmlns=\"http:\/\/www.w3.org\/2000\/svg\"><path d=\"M504 256c0 136.997-111.043 248-248 248S8 392.997 8 256C8 119.083 119.043 8 256 8s248 111.083 248 248zM262.655 90c-54.497 0-89.255 22.957-116.549 63.758-3.536 5.286-2.353 12.415 2.715 16.258l34.699 26.31c5.205 3.947 12.621 3.008 16.665-2.122 17.864-22.658 30.113-35.797 57.303-35.797 20.429 0 45.698 13.148 45.698 32.958 0 14.976-12.363 22.667-32.534 33.976C247.128 238.528 216 254.941 216 296v4c0 6.627 5.373 12 12 12h56c6.627 0 12-5.373 12-12v-1.333c0-28.462 83.186-29.647 83.186-106.667 0-58.002-60.165-102-116.531-102zM256 338c-25.365 0-46 20.635-46 46 0 25.364 20.635 46 46 46s46-20.636 46-46c0-25.365-20.635-46-46-46z\"><\/path><\/svg>\t\t\t<\/span>\n\t\t\t\t\t\t<span class=\"elementor-button-text\">Zadzwo\u0144 dopytaj o dost\u0119pno\u015b\u0107 na miejscu<\/span>\n\t\t<\/span>\n\t\t\t\t\t<\/a>\n\t\t<\/div>\n\t\t\t\t<\/div>\n\t\t\t\t<\/div>\n\t\t\t\t<\/div>\n\t\t\t\t<\/section>\n\t\t<section class=\"elementor-element elementor-element-2b86cb7 e-con-full e-flex e-con e-parent\" data-id=\"2b86cb7\" data-element_type=\"container\" data-settings=\"{&quot;background_background&quot;:&quot;classic&quot;,&quot;content_width&quot;:&quot;full&quot;}\" data-core-v316-plus=\"true\">\n\t\t<div class=\"elementor-element elementor-element-6923997 e-con-full e-flex e-con e-child\" data-id=\"6923997\" data-element_type=\"container\" data-settings=\"{&quot;content_width&quot;:&quot;full&quot;}\">\n\t\t\t\t<div class=\"elementor-element elementor-element-34306ae elementor-invisible elementor-widget elementor-widget-heading\" data-id=\"34306ae\" data-element_type=\"widget\" data-settings=\"{&quot;_animation&quot;:&quot;fadeInLeft&quot;}\" data-widget_type=\"heading.default\">\n\t\t\t\t<div class=\"elementor-widget-container\">\n\t\t\t<h2 class=\"elementor-heading-title elementor-size-xl\">Opony do traktor\u00f3w<\/h2>\t\t<\/div>\n\t\t\t\t<\/div>\n\t\t\t\t<div class=\"elementor-element elementor-element-17efe89 elementor-invisible elementor-widget elementor-widget-text-editor\" data-id=\"17efe89\" data-element_type=\"widget\" data-settings=\"{&quot;_animation&quot;:&quot;fadeInUp&quot;,&quot;_animation_delay&quot;:400}\" data-widget_type=\"text-editor.default\">\n\t\t\t\t<div class=\"elementor-widget-container\">\n\t\t\t<style>\/*! elementor - v3.19.0 - 28-02-2024 *\/\n.elementor-widget-text-editor.elementor-drop-cap-view-stacked .elementor-drop-cap{background-color:#69727d;color:#fff}.elementor-widget-text-editor.elementor-drop-cap-view-framed .elementor-drop-cap{color:#69727d;border:3px solid;background-color:transparent}.elementor-widget-text-editor:not(.elementor-drop-cap-view-default) .elementor-drop-cap{margin-top:8px}.elementor-widget-text-editor:not(.elementor-drop-cap-view-default) .elementor-drop-cap-letter{width:1em;height:1em}.elementor-widget-text-editor .elementor-drop-cap{float:left;text-align:center;line-height:1;font-size:50px}.elementor-widget-text-editor .elementor-drop-cap-letter{display:inline-block}<\/style>\t\t\t\t<p>Najlepsze \u017ar\u00f3d\u0142o opon rolniczych? Bez w\u0105tpienia, Sebimart!<\/p><p>W ofercie posiadamy opony dostosowane do wi\u0119kszo\u015bci modeli kombajn\u00f3w, ci\u0105gnik\u00f3w (zar\u00f3wno diagonalne, jak i radialne, dedykowane ci\u0119\u017ckim traktorom), a tak\u017ce do przyczep rolniczych. Nasi specjali\u015bci s\u0142u\u017c\u0105 pomoc\u0105 w doborze optymalnych opon do traktora oraz innych maszyn rolniczych (np. do upraw mi\u0119dzyrz\u0119dowych, na pola, w lasach itp.). Nasza specjalistyczna oferta ogumienia rolniczego jest dost\u0119pna przez ca\u0142y rok, tylko\u00a0 w naszym sklepie znajd\u0105 Pa\u0144stwo ogromny wyb\u00f3r opon w atrakcyjnych cenach.<\/p><p>Opony to nieod\u0142\u0105czny element w rolnictwie, kt\u00f3re stanowi znacz\u0105cy sektor naszej gospodarki. Dlatego te\u017c zapewniamy szeroki wyb\u00f3r opon o maksymalnej wytrzyma\u0142o\u015bci i niezawodno\u015bci, wraz z profesjonaln\u0105 obs\u0142ug\u0105.<\/p><p>Rolnicy oczekuj\u0105 od ogumienia rolniczego jeszcze wi\u0119kszej wydajno\u015bci, przy jednoczesnym minimalnym wp\u0142ywie na gleb\u0119 i plony podczas pracy. Producenci opon stale udoskonalaj\u0105 swoje produkty, reaguj\u0105c na potrzeby klient\u00f3w.<\/p><p>Nowoczesne opony rolnicze u\u017cywane w gospodarstwach rolniczych powinny spe\u0142nia\u0107 szereg wymaga\u0144, takich jak:<\/p><ul><li>Mo\u017cliwo\u015b\u0107 osi\u0105gania wy\u017cszych pr\u0119dko\u015bci.<\/li><li>Zwi\u0119kszona wytrzyma\u0142o\u015b\u0107 opony w stosunku do mocy maszyny rolniczej.<\/li><li>D\u0142ugotrwa\u0142a wydajno\u015b\u0107 opony, co przek\u0142ada si\u0119 na zadowolenie u\u017cytkownik\u00f3w w d\u0142u\u017cszej perspektywie.<\/li><li>Minimalne zu\u017cycie bie\u017cnika, co wp\u0142ywa na ekonomiczne u\u017cytkowanie.<\/li><\/ul>\t\t\t\t\t\t<\/div>\n\t\t\t\t<\/div>\n\t\t\t\t<\/div>\n\t\t\t\t<\/section>\n\t\t\t\t<\/div>\n\t\t","protected":false},"excerpt":{"rendered":"<p>Opony do ci\u0105gnik\u00f3w i maszyn rolniczych U nas dostaniesz opon\u0119 do ka\u017cdego typu pojazdu rolniczego ! Zadzwo\u0144 dopytaj o dost\u0119pno\u015b\u0107 na miejscu Opony do traktor\u00f3w Najlepsze \u017ar\u00f3d\u0142o opon rolniczych? Bez w\u0105tpienia, Sebimart! W ofercie posiadamy opony dostosowane do wi\u0119kszo\u015bci modeli kombajn\u00f3w, ci\u0105gnik\u00f3w (zar\u00f3wno diagonalne, jak i radialne, dedykowane ci\u0119\u017ckim traktorom), a tak\u017ce do przyczep rolniczych. Nasi specjali\u015bci s\u0142u\u017c\u0105 pomoc\u0105 w doborze optymalnych opon do traktora oraz innych maszyn rolniczych (np. do upraw mi\u0119dzyrz\u0119dowych, na pola, w lasach itp.). Nasza specjalistyczna&hellip;<\/p>\n","protected":false},"author":1,"featured_media":0,"parent":0,"menu_order":0,"comment_status":"closed","ping_status":"closed","template":"elementor_header_footer","meta":{"footnotes":""},"class_list":["post-525","page","type-page","status-publish","hentry"],"_links":{"self":[{"href":"https:\/\/sebimart.pl\/index.php\/wp-json\/wp\/v2\/pages\/525","targetHints":{"allow":["GET"]}}],"collection":[{"href":"https:\/\/sebimart.pl\/index.php\/wp-json\/wp\/v2\/pages"}],"about":[{"href":"https:\/\/sebimart.pl\/index.php\/wp-json\/wp\/v2\/types\/page"}],"author":[{"embeddable":true,"href":"https:\/\/sebimart.pl\/index.php\/wp-json\/wp\/v2\/users\/1"}],"replies":[{"embeddable":true,"href":"https:\/\/sebimart.pl\/index.php\/wp-json\/wp\/v2\/comments?post=525"}],"version-history":[{"count":35,"href":"https:\/\/sebimart.pl\/index.php\/wp-json\/wp\/v2\/pages\/525\/revisions"}],"predecessor-version":[{"id":1107,"href":"https:\/\/sebimart.pl\/index.php\/wp-json\/wp\/v2\/pages\/525\/revisions\/1107"}],"wp:attachment":[{"href":"https:\/\/sebimart.pl\/index.php\/wp-json\/wp\/v2\/media?parent=525"}],"curies":[{"name":"wp","href":"https:\/\/api.w.org\/{rel}","templated":true}]}}