{"id":9,"date":"2021-06-03T21:26:55","date_gmt":"2021-06-03T19:26:55","guid":{"rendered":"http:\/\/papajeje.pl\/index.php\/checkout\/"},"modified":"2024-06-10T11:41:02","modified_gmt":"2024-06-10T09:41:02","slug":"galeria","status":"publish","type":"page","link":"https:\/\/sebimart.pl\/index.php\/galeria\/","title":{"rendered":"Geometria k\u00f3\u0142"},"content":{"rendered":"\t\t<div data-elementor-type=\"wp-page\" data-elementor-id=\"9\" class=\"elementor elementor-9\" data-elementor-post-type=\"page\">\n\t\t\t\t\t\t<section class=\"elementor-section elementor-top-section elementor-element elementor-element-1b43386b elementor-section-full_width elementor-section-height-default elementor-section-height-default\" data-id=\"1b43386b\" data-element_type=\"section\" data-settings=\"{&quot;background_background&quot;:&quot;classic&quot;,&quot;shape_divider_top&quot;:&quot;triangle&quot;,&quot;shape_divider_top_negative&quot;:&quot;yes&quot;}\">\n\t\t\t\t\t\t\t<div class=\"elementor-background-overlay\"><\/div>\n\t\t\t\t\t\t<div class=\"elementor-shape elementor-shape-top\" data-negative=\"true\">\n\t\t\t<svg xmlns=\"http:\/\/www.w3.org\/2000\/svg\" viewBox=\"0 0 1000 100\" preserveAspectRatio=\"none\">\n\t<path class=\"elementor-shape-fill\" d=\"M500.2,94.7L0,0v100h1000V0L500.2,94.7z\"\/>\n<\/svg>\t\t<\/div>\n\t\t\t\t\t<div class=\"elementor-container elementor-column-gap-default\">\n\t\t\t\t\t<div class=\"elementor-column elementor-col-100 elementor-top-column elementor-element elementor-element-4c047cd9\" data-id=\"4c047cd9\" data-element_type=\"column\">\n\t\t\t<div class=\"elementor-widget-wrap elementor-element-populated\">\n\t\t\t\t\t\t<div class=\"elementor-element elementor-element-391fa9a7 elementor-invisible elementor-widget elementor-widget-heading\" data-id=\"391fa9a7\" data-element_type=\"widget\" data-settings=\"{&quot;_animation&quot;:&quot;fadeInLeft&quot;}\" data-widget_type=\"heading.default\">\n\t\t\t\t<div class=\"elementor-widget-container\">\n\t\t\t<style>\/*! elementor - v3.19.0 - 28-02-2024 *\/\n.elementor-heading-title{padding:0;margin:0;line-height:1}.elementor-widget-heading .elementor-heading-title[class*=elementor-size-]>a{color:inherit;font-size:inherit;line-height:inherit}.elementor-widget-heading .elementor-heading-title.elementor-size-small{font-size:15px}.elementor-widget-heading .elementor-heading-title.elementor-size-medium{font-size:19px}.elementor-widget-heading .elementor-heading-title.elementor-size-large{font-size:29px}.elementor-widget-heading .elementor-heading-title.elementor-size-xl{font-size:39px}.elementor-widget-heading .elementor-heading-title.elementor-size-xxl{font-size:59px}<\/style><h2 class=\"elementor-heading-title elementor-size-xxl\">Nasi klienci<\/h2>\t\t<\/div>\n\t\t\t\t<\/div>\n\t\t\t\t<div class=\"elementor-element elementor-element-2ec9dacc elementor-invisible elementor-widget elementor-widget-text-editor\" data-id=\"2ec9dacc\" data-element_type=\"widget\" data-settings=\"{&quot;_animation&quot;:&quot;fadeInUp&quot;,&quot;_animation_delay&quot;:400}\" data-widget_type=\"text-editor.default\">\n\t\t\t\t<div class=\"elementor-widget-container\">\n\t\t\t<style>\/*! elementor - v3.19.0 - 28-02-2024 *\/\n.elementor-widget-text-editor.elementor-drop-cap-view-stacked .elementor-drop-cap{background-color:#69727d;color:#fff}.elementor-widget-text-editor.elementor-drop-cap-view-framed .elementor-drop-cap{color:#69727d;border:3px solid;background-color:transparent}.elementor-widget-text-editor:not(.elementor-drop-cap-view-default) .elementor-drop-cap{margin-top:8px}.elementor-widget-text-editor:not(.elementor-drop-cap-view-default) .elementor-drop-cap-letter{width:1em;height:1em}.elementor-widget-text-editor .elementor-drop-cap{float:left;text-align:center;line-height:1;font-size:50px}.elementor-widget-text-editor .elementor-drop-cap-letter{display:inline-block}<\/style>\t\t\t\t<p>Bez obaw podo\u0142amy ka\u017cdemu wyzwaniu !<\/p>\t\t\t\t\t\t<\/div>\n\t\t\t\t<\/div>\n\t\t\t\t<div class=\"elementor-element elementor-element-4f888269 product_carousel elementor-arrows-position-inside elementor-pagination-position-outside elementor-widget elementor-widget-image-carousel\" data-id=\"4f888269\" data-element_type=\"widget\" data-settings=\"{&quot;slides_to_show&quot;:&quot;3&quot;,&quot;slides_to_scroll&quot;:&quot;4&quot;,&quot;navigation&quot;:&quot;both&quot;,&quot;autoplay&quot;:&quot;yes&quot;,&quot;pause_on_hover&quot;:&quot;yes&quot;,&quot;pause_on_interaction&quot;:&quot;yes&quot;,&quot;autoplay_speed&quot;:5000,&quot;infinite&quot;:&quot;yes&quot;,&quot;speed&quot;:500}\" data-widget_type=\"image-carousel.default\">\n\t\t\t\t<div class=\"elementor-widget-container\">\n\t\t\t<style>\/*! elementor - v3.19.0 - 28-02-2024 *\/\n.elementor-widget-image-carousel .swiper,.elementor-widget-image-carousel .swiper-container{position:static}.elementor-widget-image-carousel .swiper-container .swiper-slide figure,.elementor-widget-image-carousel .swiper .swiper-slide figure{line-height:inherit}.elementor-widget-image-carousel .swiper-slide{text-align:center}.elementor-image-carousel-wrapper:not(.swiper-container-initialized):not(.swiper-initialized) .swiper-slide{max-width:calc(100% \/ var(--e-image-carousel-slides-to-show, 3))}<\/style>\t\t<div class=\"elementor-image-carousel-wrapper swiper\" dir=\"ltr\">\n\t\t\t<div class=\"elementor-image-carousel swiper-wrapper\" aria-live=\"off\">\n\t\t\t\t\t\t\t\t<div class=\"swiper-slide\" role=\"group\" aria-roledescription=\"slide\" aria-label=\"1 of 3\"><figure class=\"swiper-slide-inner\"><img decoding=\"async\" class=\"swiper-slide-image\" src=\"https:\/\/sebimart.pl\/wp-content\/uploads\/elementor\/thumbs\/SAM_7926-scaled-qoqh3x4ill7xalxn0c1aovsv3hrbeeul0ajemw53ew.jpg\" alt=\"SAM_7926\" \/><\/figure><\/div><div class=\"swiper-slide\" role=\"group\" aria-roledescription=\"slide\" aria-label=\"2 of 3\"><figure class=\"swiper-slide-inner\"><img decoding=\"async\" class=\"swiper-slide-image\" src=\"https:\/\/sebimart.pl\/wp-content\/uploads\/elementor\/thumbs\/v2-qoqh8fqlfxej35dfmsbr68rlv5hte1s5aneenrfzig.png\" alt=\"v2\" \/><\/figure><\/div><div class=\"swiper-slide\" role=\"group\" aria-roledescription=\"slide\" aria-label=\"3 of 3\"><figure class=\"swiper-slide-inner\"><img decoding=\"async\" class=\"swiper-slide-image\" src=\"https:\/\/sebimart.pl\/wp-content\/uploads\/elementor\/thumbs\/v3-qoqhah20906w8qexqo0nkq9k77gg2fv7kqaa3cfa14.png\" alt=\"v3\" \/><\/figure><\/div>\t\t\t<\/div>\n\t\t\t\t\t\t\t\t\t\t\t\t<div class=\"elementor-swiper-button elementor-swiper-button-prev\" role=\"button\" tabindex=\"0\">\n\t\t\t\t\t\t<svg aria-hidden=\"true\" class=\"e-font-icon-svg e-eicon-chevron-left\" viewBox=\"0 0 1000 1000\" xmlns=\"http:\/\/www.w3.org\/2000\/svg\"><path d=\"M646 125C629 125 613 133 604 142L308 442C296 454 292 471 292 487 292 504 296 521 308 533L604 854C617 867 629 875 646 875 663 875 679 871 692 858 704 846 713 829 713 812 713 796 708 779 692 767L438 487 692 225C700 217 708 204 708 187 708 171 704 154 692 142 675 129 663 125 646 125Z\"><\/path><\/svg>\t\t\t\t\t<\/div>\n\t\t\t\t\t<div class=\"elementor-swiper-button elementor-swiper-button-next\" role=\"button\" tabindex=\"0\">\n\t\t\t\t\t\t<svg aria-hidden=\"true\" class=\"e-font-icon-svg e-eicon-chevron-right\" viewBox=\"0 0 1000 1000\" xmlns=\"http:\/\/www.w3.org\/2000\/svg\"><path d=\"M696 533C708 521 713 504 713 487 713 471 708 454 696 446L400 146C388 133 375 125 354 125 338 125 325 129 313 142 300 154 292 171 292 187 292 204 296 221 308 233L563 492 304 771C292 783 288 800 288 817 288 833 296 850 308 863 321 871 338 875 354 875 371 875 388 867 400 854L696 533Z\"><\/path><\/svg>\t\t\t\t\t<\/div>\n\t\t\t\t\n\t\t\t\t\t\t\t\t\t<div class=\"swiper-pagination\"><\/div>\n\t\t\t\t\t\t\t\t\t<\/div>\n\t\t\t\t<\/div>\n\t\t\t\t<\/div>\n\t\t\t\t\t<\/div>\n\t\t<\/div>\n\t\t\t\t\t<\/div>\n\t\t<\/section>\n\t\t\t\t<section class=\"elementor-section elementor-top-section elementor-element elementor-element-1ae261e2 elementor-section-height-min-height elementor-section-content-middle elementor-section-full_width elementor-section-height-default elementor-section-items-middle\" data-id=\"1ae261e2\" data-element_type=\"section\" data-settings=\"{&quot;background_background&quot;:&quot;classic&quot;,&quot;shape_divider_top&quot;:&quot;triangle&quot;}\">\n\t\t\t\t\t\t\t<div class=\"elementor-background-overlay\"><\/div>\n\t\t\t\t\t\t<div class=\"elementor-shape elementor-shape-top\" data-negative=\"false\">\n\t\t\t<svg xmlns=\"http:\/\/www.w3.org\/2000\/svg\" viewBox=\"0 0 1000 100\" preserveAspectRatio=\"none\">\n\t<path class=\"elementor-shape-fill\" d=\"M500,98.9L0,6.1V0h1000v6.1L500,98.9z\"\/>\n<\/svg>\t\t<\/div>\n\t\t\t\t\t<div class=\"elementor-container elementor-column-gap-default\">\n\t\t\t\t\t<div class=\"elementor-column elementor-col-100 elementor-top-column elementor-element elementor-element-709184cb\" data-id=\"709184cb\" data-element_type=\"column\">\n\t\t\t<div class=\"elementor-widget-wrap elementor-element-populated\">\n\t\t\t\t\t\t<div class=\"elementor-element elementor-element-24dbe387 elementor-invisible elementor-widget elementor-widget-heading\" data-id=\"24dbe387\" data-element_type=\"widget\" data-settings=\"{&quot;_animation&quot;:&quot;fadeInLeft&quot;}\" data-widget_type=\"heading.default\">\n\t\t\t\t<div class=\"elementor-widget-container\">\n\t\t\t<h2 class=\"elementor-heading-title elementor-size-xxl\">Dlaczego geometria k\u00f3\u0142 jest tak wa\u017cna ?<\/h2>\t\t<\/div>\n\t\t\t\t<\/div>\n\t\t\t\t<div class=\"elementor-element elementor-element-19ffb7db elementor-invisible elementor-widget elementor-widget-text-editor\" data-id=\"19ffb7db\" data-element_type=\"widget\" data-settings=\"{&quot;_animation&quot;:&quot;fadeInUp&quot;,&quot;_animation_delay&quot;:400}\" data-widget_type=\"text-editor.default\">\n\t\t\t\t<div class=\"elementor-widget-container\">\n\t\t\t\t\t\t\t<p>Co dzieje si\u0119 w samochodzie, kt\u00f3ry ma niew\u0142a\u015bciwie ustawion\u0105 geometri\u0119 k\u00f3\u0142?<br \/>Auto nie zachowuje odpowiedniego toru podczas jazdy na wprost i \u015bci\u0105ga w jedn\u0105 ze stron, wymagaj\u0105c cz\u0119stych korekt kierownic\u0105.<br \/>(\u015bci\u0105ganie w jedn\u0105 ze stron mo\u017ce by\u0107 te\u017c efektem p\u0119kni\u0119cia dr\u0105\u017cka kierowniczego, uszkodzenia ko\u0144c\u00f3wki dr\u0105\u017cka kierowniczego albo zablokowania si\u0119 t\u0142oczka w jednym z zacisk\u00f3w hamulca)<\/p>\n<p>Dochodzi do przyspieszonego i nier\u00f3wnomiernego zu\u017cycia bie\u017cnika opon (tzw. przycinanie). Powoduje to znaczne skr\u00f3cenie czasu eksploatacji opon \u2013 nawet o po\u0142ow\u0119. Przyspieszone zu\u017cycie element\u00f3w zawieszenia Przyspieszone zu\u017cycie element\u00f3w uk\u0142adu kierowniczego Zwi\u0119kszone spalanie, na skutek dodatkowych opor\u00f3w w czasie jazdy. Niski komfort prowadzenia, wymagaj\u0105cy od kierowcy ci\u0105g\u0142ych korekt toru, co m\u0119czy i zmniejsza bezpiecze\u0144stwo jazdy.<\/p>\n<p>Kiedy trzeba ustawi\u0107 geometri\u0119 k\u00f3\u0142 w samochodzie?<br \/>Specjali\u015bci zalecaj\u0105, aby w ka\u017cdym aucie dokonywa\u0107 kontroli geometrii k\u00f3\u0142 raz na rok. Najlepiej korygowa\u0107 geometri\u0119 k\u00f3\u0142 po zimie. To w\u0142a\u015bnie w czasie tej pory roku samoch\u00f3d jest najcz\u0119\u015bciej nara\u017cony na wjazd w dziur\u0119 w nawierzchni, ukryt\u0105 pod warstw\u0105 lodu albo \u015bniegu.<\/p>\n<p>Poza tym zaleca si\u0119 dokonanie kontroli i regulacji geometrii k\u00f3\u0142 w nast\u0119puj\u0105cych przypadkach:<\/p>\n<p>Po zamontowaniu nowego kompletu ogumienia<br \/>Po sezonowej wymianie opon Po ka\u017cdej naprawie zawieszenia (np. wymianie wahaczy, kolumn resoruj\u0105cych, belki skr\u0119tnej itd.)Po ka\u017cdej naprawie uk\u0142adu kierowniczego (od wymiany ko\u0144c\u00f3wek dr\u0105\u017ck\u00f3w kierowniczych a\u017c po wymian\u0119 przek\u0142adni kierowniczej)<br \/>Po naprawie samochodu po kolizji lub wypadku<br \/>Po wjechaniu w wi\u0119ksz\u0105 dziur\u0119<br \/>Po zauwa\u017ceniu, \u017ce auto \u015bci\u0105ga a komfort prowadzenia znacznie si\u0119 obni\u017cy\u0142<br \/>Po zaobserwowaniu, \u017ce dochodzi do nier\u00f3wnomiernego zu\u017cycia bie\u017cnika (przycinania).<\/p>\t\t\t\t\t\t<\/div>\n\t\t\t\t<\/div>\n\t\t\t\t\t<\/div>\n\t\t<\/div>\n\t\t\t\t\t<\/div>\n\t\t<\/section>\n\t\t\t\t<\/div>\n\t\t","protected":false},"excerpt":{"rendered":"<p>Nasi klienci Bez obaw podo\u0142amy ka\u017cdemu wyzwaniu ! Dlaczego geometria k\u00f3\u0142 jest tak wa\u017cna ? Co dzieje si\u0119 w samochodzie, kt\u00f3ry ma niew\u0142a\u015bciwie ustawion\u0105 geometri\u0119 k\u00f3\u0142?Auto nie zachowuje odpowiedniego toru podczas jazdy na wprost i \u015bci\u0105ga w jedn\u0105 ze stron, wymagaj\u0105c cz\u0119stych korekt kierownic\u0105.(\u015bci\u0105ganie w jedn\u0105 ze stron mo\u017ce by\u0107 te\u017c efektem p\u0119kni\u0119cia dr\u0105\u017cka kierowniczego, uszkodzenia ko\u0144c\u00f3wki dr\u0105\u017cka kierowniczego albo zablokowania si\u0119 t\u0142oczka w jednym z zacisk\u00f3w hamulca) Dochodzi do przyspieszonego i nier\u00f3wnomiernego zu\u017cycia bie\u017cnika opon (tzw. przycinanie). Powoduje to&hellip;<\/p>\n","protected":false},"author":1,"featured_media":0,"parent":0,"menu_order":0,"comment_status":"closed","ping_status":"closed","template":"elementor_header_footer","meta":{"footnotes":""},"class_list":["post-9","page","type-page","status-publish","hentry"],"_links":{"self":[{"href":"https:\/\/sebimart.pl\/index.php\/wp-json\/wp\/v2\/pages\/9","targetHints":{"allow":["GET"]}}],"collection":[{"href":"https:\/\/sebimart.pl\/index.php\/wp-json\/wp\/v2\/pages"}],"about":[{"href":"https:\/\/sebimart.pl\/index.php\/wp-json\/wp\/v2\/types\/page"}],"author":[{"embeddable":true,"href":"https:\/\/sebimart.pl\/index.php\/wp-json\/wp\/v2\/users\/1"}],"replies":[{"embeddable":true,"href":"https:\/\/sebimart.pl\/index.php\/wp-json\/wp\/v2\/comments?post=9"}],"version-history":[{"count":39,"href":"https:\/\/sebimart.pl\/index.php\/wp-json\/wp\/v2\/pages\/9\/revisions"}],"predecessor-version":[{"id":1302,"href":"https:\/\/sebimart.pl\/index.php\/wp-json\/wp\/v2\/pages\/9\/revisions\/1302"}],"wp:attachment":[{"href":"https:\/\/sebimart.pl\/index.php\/wp-json\/wp\/v2\/media?parent=9"}],"curies":[{"name":"wp","href":"https:\/\/api.w.org\/{rel}","templated":true}]}}